{"id":2258,"date":"2017-09-09T20:54:26","date_gmt":"2017-09-10T01:54:26","guid":{"rendered":"http:\/\/oscarmagallanes.com\/blog\/?page_id=2258"},"modified":"2026-03-05T04:26:44","modified_gmt":"2026-03-05T09:26:44","slug":"upcoming-exhibitions","status":"publish","type":"page","link":"https:\/\/oscarmagallanes.com\/blog\/exhibitions-2\/upcoming-exhibitions","title":{"rendered":"Upcoming Exhibitions"},"content":{"rendered":"\n<h1 class=\"wp-block-heading\">AztLAn: El Tunel del Tiempo<\/h1>\n\n\n\n<h1 class=\"wp-block-heading\">El Museo del Palacio de Bellas Artes presentar\u00e1 su primera exposici\u00f3n dedicada al arte chicanx.<br \/><br \/>Pr\u00f3ximamente: \u201cAztL\u00c1n, t\u00fanel del tiempo\u201d.<br \/>Marzo 25 de 2026.<\/h1>\n","protected":false},"excerpt":{"rendered":"<p>AztLAn: El Tunel del Tiempo El Museo del Palacio de Bellas Artes presentar\u00e1 su primera exposici\u00f3n dedicada al arte chicanx. Pr\u00f3ximamente: \u201cAztL\u00c1n, t\u00fanel del tiempo\u201d.Marzo 25 de 2026.<\/p>\n","protected":false},"author":1,"featured_media":0,"parent":1171,"menu_order":2,"comment_status":"closed","ping_status":"closed","template":"","meta":{"_monsterinsights_skip_tracking":false,"_monsterinsights_sitenote_active":false,"_monsterinsights_sitenote_note":"","_monsterinsights_sitenote_category":0,"footnotes":""},"class_list":["post-2258","page","type-page","status-publish","hentry"],"_links":{"self":[{"href":"https:\/\/oscarmagallanes.com\/blog\/wp-json\/wp\/v2\/pages\/2258","targetHints":{"allow":["GET"]}}],"collection":[{"href":"https:\/\/oscarmagallanes.com\/blog\/wp-json\/wp\/v2\/pages"}],"about":[{"href":"https:\/\/oscarmagallanes.com\/blog\/wp-json\/wp\/v2\/types\/page"}],"author":[{"embeddable":true,"href":"https:\/\/oscarmagallanes.com\/blog\/wp-json\/wp\/v2\/users\/1"}],"replies":[{"embeddable":true,"href":"https:\/\/oscarmagallanes.com\/blog\/wp-json\/wp\/v2\/comments?post=2258"}],"version-history":[{"count":17,"href":"https:\/\/oscarmagallanes.com\/blog\/wp-json\/wp\/v2\/pages\/2258\/revisions"}],"predecessor-version":[{"id":2978,"href":"https:\/\/oscarmagallanes.com\/blog\/wp-json\/wp\/v2\/pages\/2258\/revisions\/2978"}],"up":[{"embeddable":true,"href":"https:\/\/oscarmagallanes.com\/blog\/wp-json\/wp\/v2\/pages\/1171"}],"wp:attachment":[{"href":"https:\/\/oscarmagallanes.com\/blog\/wp-json\/wp\/v2\/media?parent=2258"}],"curies":[{"name":"wp","href":"https:\/\/api.w.org\/{rel}","templated":true}]}}